{"id":1055,"date":"2024-09-17T21:05:26","date_gmt":"2024-09-17T19:05:26","guid":{"rendered":"https:\/\/www.ssv-halver.de\/?page_id=1055"},"modified":"2024-09-27T09:02:10","modified_gmt":"2024-09-27T07:02:10","slug":"faq","status":"publish","type":"page","link":"https:\/\/www.ssv-halver.de\/?page_id=1055","title":{"rendered":"FAQ Herbstlauf"},"content":{"rendered":"\t\t<div class=\"faq-accordion \" id=\"faq-accordion-1\" data-accordion-group data-conf=\"{&quot;single_open&quot;:&quot;true&quot;,&quot;transition_speed&quot;:300}\">\n\t\t\t\t\t\t\t<div data-accordion class=\"faq-main\">\n\t\t\t\t\t<div data-control class=\"faq-title\">\n\t\t\t\t\t\t<h4>Welche Stra\u00dfen werden f\u00fcr den Herbstlauf um welche Uhrzeit gesperrt?<\/h4>\n\t\t\t\t\t<\/div>\n\t\t\t\t\t<div data-content>\n\t\t\t\t\t\t\t\t\t\t\t\t<div class=\"faq-content\"><p>Ab 12:00 Uhr werden folgende Stra\u00dfen gesperrt:<\/p>\n<ul>\n<li>Frankfurter Stra\u00dfe von Jugendheimstra\u00dfe bis Thomasstra\u00dfe<\/li>\n<li>Bahnhofstra\u00dfe<\/li>\n<\/ul>\n<p>Ab 14:30 Uhr werden zus\u00e4tzlich folgende Stra\u00dfen gesperrt:<\/p>\n<ul>\n<li>Thomasstra\u00dfe von Mittelstra\u00dfe bis Frankfurter Stra\u00dfe<\/li>\n<li>Mittelstra\u00dfe<\/li>\n<li>Schulstra\u00dfe von Mittelstra\u00dfe bis Frankfurter Stra\u00dfe<\/li>\n<\/ul>\n<\/div>\n\t\t\t\t\t<\/div>\n\t\t\t\t<\/div>\n\t\t\t\t\t\t\t<div data-accordion class=\"faq-main\">\n\t\t\t\t\t<div data-control class=\"faq-title\">\n\t\t\t\t\t\t<h4>Wo finde ich Duschen,Toiletten und Umkleidem\u00f6glichkeiten?<\/h4>\n\t\t\t\t\t<\/div>\n\t\t\t\t\t<div data-content>\n\t\t\t\t\t\t\t\t\t\t\t\t<div class=\"faq-content\"><p>Toiletten, Duschen sowie Umkleidekabinen k\u00f6nnen in der Lindenhofschule\u00a0genutzt\u00a0werden.<\/p>\n<\/div>\n\t\t\t\t\t<\/div>\n\t\t\t\t<\/div>\n\t\t\t\t\t\t\t<div data-accordion class=\"faq-main\">\n\t\t\t\t\t<div data-control class=\"faq-title\">\n\t\t\t\t\t\t<h4>Wo melde ich mich an?<\/h4>\n\t\t\t\t\t<\/div>\n\t\t\t\t\t<div data-content>\n\t\t\t\t\t\t\t\t\t\t\t\t<div class=\"faq-content\"><p>Entweder Online: <a href=\"https:\/\/my.raceresult.com\/348000\/\" target=\"_blank\" rel=\"noopener\">https:\/\/my.raceresult.com\/348000\/<\/a><\/p>\n<p>oder am Tag der Veranstaltung ab 13:00 Uhr beim Startb\u00fcro. Du findest das Startb\u00fcro auf dem Sparkassen-Vorplatz.<\/p>\n<\/div>\n\t\t\t\t\t<\/div>\n\t\t\t\t<\/div>\n\t\t\t\t\t\t\t<div data-accordion class=\"faq-main\">\n\t\t\t\t\t<div data-control class=\"faq-title\">\n\t\t\t\t\t\t<h4>Wie hoch ist die Nachmeldegeb\u00fchr am Samstag und bis wann kann ich mich anmelden?<\/h4>\n\t\t\t\t\t<\/div>\n\t\t\t\t\t<div data-content>\n\t\t\t\t\t\t\t\t\t\t\t\t<div class=\"faq-content\"><p>Eine Anmeldung zum Lauf ist bis 45 Minuten vor dem Start des jeweiligen Laufs im Startb\u00fcro oder Online (<a href=\"https:\/\/my.raceresult.com\/348000\/\" target=\"_blank\" rel=\"noopener\">https:\/\/my.raceresult.com\/348000\/<\/a>) m\u00f6glich.<\/p>\n<p>F\u00fcr eine Nachmeldung im Startb\u00fcro am Samstag, 27.09.2025 werden 2 \u20ac Nachmeldegeb\u00fchr erhoben.<\/p>\n<p>Bei einer Online &#8211; Nachmeldung am Samstag, 27.09.2025\u00a0 werden 1,50 \u20ac Nachmeldegeb\u00fchr erhoben.<\/p>\n<\/div>\n\t\t\t\t\t<\/div>\n\t\t\t\t<\/div>\n\t\t\t\t\t\t\t<div data-accordion class=\"faq-main\">\n\t\t\t\t\t<div data-control class=\"faq-title\">\n\t\t\t\t\t\t<h4>Wann startet mein Lauf?<\/h4>\n\t\t\t\t\t<\/div>\n\t\t\t\t\t<div data-content>\n\t\t\t\t\t\t\t\t\t\t\t\t<div class=\"faq-content\">\n<table id=\"tablepress-2\" class=\"tablepress tablepress-id-2\">\n<thead>\n<tr class=\"row-1\">\n\t<th class=\"column-1\">Startzeit<\/th><th class=\"column-2\">Nr.<\/th><th class=\"column-3\">Lauf<\/th><th class=\"column-4\">Altersklasse \/ Jahrgang<\/th>\n<\/tr>\n<\/thead>\n<tbody class=\"row-striping row-hover\">\n<tr class=\"row-2\">\n\t<td class=\"column-1\">14:30<\/td><td class=\"column-2\">0<\/td><td class=\"column-3\">Bambinilauf<\/td><td class=\"column-4\">2018 und j\u00fcnger<\/td>\n<\/tr>\n<tr class=\"row-3\">\n\t<td class=\"column-1\">15:00<\/td><td class=\"column-2\">1<\/td><td class=\"column-3\">Sch\u00fclerlauf 850 m<\/td><td class=\"column-4\">M8 \/ 2017<\/td>\n<\/tr>\n<tr class=\"row-4\">\n\t<td class=\"column-1\">15:10<\/td><td class=\"column-2\">2<\/td><td class=\"column-3\">Sch\u00fclerlauf 850 m<\/td><td class=\"column-4\">W8 \/ 2017<\/td>\n<\/tr>\n<tr class=\"row-5\">\n\t<td class=\"column-1\">15:20<\/td><td class=\"column-2\">3<\/td><td class=\"column-3\">Sch\u00fclerlauf 850 m<\/td><td class=\"column-4\">M9 \/ 2016<\/td>\n<\/tr>\n<tr class=\"row-6\">\n\t<td class=\"column-1\">15:30<\/td><td class=\"column-2\">4<\/td><td class=\"column-3\">Sch\u00fclerlauf 850 m<\/td><td class=\"column-4\">W9 \/ 2016<\/td>\n<\/tr>\n<tr class=\"row-7\">\n\t<td class=\"column-1\">15:40<\/td><td class=\"column-2\">5<\/td><td class=\"column-3\">Sch\u00fclerlauf 850 m<\/td><td class=\"column-4\">M10\/11 \/ 2014 -2015<\/td>\n<\/tr>\n<tr class=\"row-8\">\n\t<td class=\"column-1\">15:50<\/td><td class=\"column-2\">6<\/td><td class=\"column-3\">Sch\u00fclerlauf 850 m<\/td><td class=\"column-4\">W10\/11  \/ 2014 -2015<\/td>\n<\/tr>\n<tr class=\"row-9\">\n\t<td class=\"column-1\">16:15<\/td><td class=\"column-2\">7<\/td><td class=\"column-3\">Jugendlauf 1450 m<\/td><td class=\"column-4\">2006 - 2013<\/td>\n<\/tr>\n<tr class=\"row-10\">\n\t<td class=\"column-1\">16:45<\/td><td class=\"column-2\">8<\/td><td class=\"column-3\">Herbstlauf 4 x 1-Runde-Staffel<\/td><td class=\"column-4\">U100 \/ \u00dc100<\/td>\n<\/tr>\n<\/tbody>\n<\/table>\n<!-- #tablepress-2 from cache -->\n<\/div>\n\t\t\t\t\t<\/div>\n\t\t\t\t<\/div>\n\t\t\t\t\t\t\t<div data-accordion class=\"faq-main\">\n\t\t\t\t\t<div data-control class=\"faq-title\">\n\t\t\t\t\t\t<h4>Wie sieht der Streckenplan meines Laufes aus?<\/h4>\n\t\t\t\t\t<\/div>\n\t\t\t\t\t<div data-content>\n\t\t\t\t\t\t\t\t\t\t\t\t<div class=\"faq-content\"><figure id=\"attachment_1179\" aria-describedby=\"caption-attachment-1179\" style=\"width: 250px\" class=\"wp-caption aligncenter\"><a href=\"https:\/\/www.ssv-halver.de\/wp-content\/uploads\/2025\/08\/Streckenplan-Bambini.jpg\" target=\"_blank\" rel=\"noopener\"><img loading=\"lazy\" decoding=\"async\" class=\"wp-image-1179\" src=\"https:\/\/www.ssv-halver.de\/wp-content\/uploads\/2025\/08\/Streckenplan-Bambini-253x300.jpg\" alt=\"Streckenplan Bambini\" width=\"250\" height=\"297\" srcset=\"https:\/\/www.ssv-halver.de\/wp-content\/uploads\/2025\/08\/Streckenplan-Bambini-253x300.jpg 253w, https:\/\/www.ssv-halver.de\/wp-content\/uploads\/2025\/08\/Streckenplan-Bambini-100x119.jpg 100w, https:\/\/www.ssv-halver.de\/wp-content\/uploads\/2025\/08\/Streckenplan-Bambini-150x178.jpg 150w, https:\/\/www.ssv-halver.de\/wp-content\/uploads\/2025\/08\/Streckenplan-Bambini-200x237.jpg 200w, https:\/\/www.ssv-halver.de\/wp-content\/uploads\/2025\/08\/Streckenplan-Bambini-300x356.jpg 300w, https:\/\/www.ssv-halver.de\/wp-content\/uploads\/2025\/08\/Streckenplan-Bambini-450x534.jpg 450w, https:\/\/www.ssv-halver.de\/wp-content\/uploads\/2025\/08\/Streckenplan-Bambini.jpg 460w\" sizes=\"auto, (max-width: 250px) 100vw, 250px\" \/><\/a><figcaption id=\"caption-attachment-1179\" class=\"wp-caption-text\">Bambinilauf<\/figcaption><\/figure>\n<figure id=\"attachment_1177\" aria-describedby=\"caption-attachment-1177\" style=\"width: 250px\" class=\"wp-caption aligncenter\"><a href=\"https:\/\/www.ssv-halver.de\/wp-content\/uploads\/2025\/08\/Streckenplan-900-m.jpg\" target=\"_blank\" rel=\"noopener\"><img loading=\"lazy\" decoding=\"async\" class=\"wp-image-1177\" src=\"https:\/\/www.ssv-halver.de\/wp-content\/uploads\/2025\/08\/Streckenplan-900-m-204x300.jpg\" alt=\"Streckenplan 850 m, Sch\u00fclerlauf\" width=\"250\" height=\"368\" srcset=\"https:\/\/www.ssv-halver.de\/wp-content\/uploads\/2025\/08\/Streckenplan-900-m-204x300.jpg 204w, https:\/\/www.ssv-halver.de\/wp-content\/uploads\/2025\/08\/Streckenplan-900-m-100x147.jpg 100w, https:\/\/www.ssv-halver.de\/wp-content\/uploads\/2025\/08\/Streckenplan-900-m-150x221.jpg 150w, https:\/\/www.ssv-halver.de\/wp-content\/uploads\/2025\/08\/Streckenplan-900-m-200x294.jpg 200w, https:\/\/www.ssv-halver.de\/wp-content\/uploads\/2025\/08\/Streckenplan-900-m-300x441.jpg 300w, https:\/\/www.ssv-halver.de\/wp-content\/uploads\/2025\/08\/Streckenplan-900-m-450x662.jpg 450w, https:\/\/www.ssv-halver.de\/wp-content\/uploads\/2025\/08\/Streckenplan-900-m.jpg 593w\" sizes=\"auto, (max-width: 250px) 100vw, 250px\" \/><\/a><figcaption id=\"caption-attachment-1177\" class=\"wp-caption-text\">Sch\u00fclerlauf 850 m<\/figcaption><\/figure>\n<figure id=\"attachment_1178\" aria-describedby=\"caption-attachment-1178\" style=\"width: 250px\" class=\"wp-caption aligncenter\"><a href=\"https:\/\/www.ssv-halver.de\/wp-content\/uploads\/2025\/08\/Streckenplan-1600-m.jpg\" target=\"_blank\" rel=\"noopener\"><img loading=\"lazy\" decoding=\"async\" class=\"wp-image-1178\" src=\"https:\/\/www.ssv-halver.de\/wp-content\/uploads\/2025\/08\/Streckenplan-1600-m-209x300.jpg\" alt=\"Streckenplan 1450 m, Jugendlauf\" width=\"250\" height=\"359\" srcset=\"https:\/\/www.ssv-halver.de\/wp-content\/uploads\/2025\/08\/Streckenplan-1600-m-209x300.jpg 209w, https:\/\/www.ssv-halver.de\/wp-content\/uploads\/2025\/08\/Streckenplan-1600-m-100x144.jpg 100w, https:\/\/www.ssv-halver.de\/wp-content\/uploads\/2025\/08\/Streckenplan-1600-m-150x216.jpg 150w, https:\/\/www.ssv-halver.de\/wp-content\/uploads\/2025\/08\/Streckenplan-1600-m-200x288.jpg 200w, https:\/\/www.ssv-halver.de\/wp-content\/uploads\/2025\/08\/Streckenplan-1600-m-300x431.jpg 300w, https:\/\/www.ssv-halver.de\/wp-content\/uploads\/2025\/08\/Streckenplan-1600-m-450x647.jpg 450w, https:\/\/www.ssv-halver.de\/wp-content\/uploads\/2025\/08\/Streckenplan-1600-m-600x863.jpg 600w, https:\/\/www.ssv-halver.de\/wp-content\/uploads\/2025\/08\/Streckenplan-1600-m.jpg 608w\" sizes=\"auto, (max-width: 250px) 100vw, 250px\" \/><\/a><figcaption id=\"caption-attachment-1178\" class=\"wp-caption-text\">Jugendlauf 1450 m<\/figcaption><\/figure>\n<figure id=\"attachment_1180\" aria-describedby=\"caption-attachment-1180\" style=\"width: 250px\" class=\"wp-caption aligncenter\"><a href=\"https:\/\/www.ssv-halver.de\/wp-content\/uploads\/2025\/08\/Streckenplan-Staffel.jpg\" target=\"_blank\" rel=\"noopener\"><img loading=\"lazy\" decoding=\"async\" class=\"wp-image-1180\" src=\"https:\/\/www.ssv-halver.de\/wp-content\/uploads\/2025\/08\/Streckenplan-Staffel-210x300.jpg\" alt=\"Streckenplan Herbstlauf 4 x 1-Runde-Staffel\" width=\"250\" height=\"357\" srcset=\"https:\/\/www.ssv-halver.de\/wp-content\/uploads\/2025\/08\/Streckenplan-Staffel-210x300.jpg 210w, https:\/\/www.ssv-halver.de\/wp-content\/uploads\/2025\/08\/Streckenplan-Staffel-100x143.jpg 100w, https:\/\/www.ssv-halver.de\/wp-content\/uploads\/2025\/08\/Streckenplan-Staffel-150x214.jpg 150w, https:\/\/www.ssv-halver.de\/wp-content\/uploads\/2025\/08\/Streckenplan-Staffel-200x286.jpg 200w, https:\/\/www.ssv-halver.de\/wp-content\/uploads\/2025\/08\/Streckenplan-Staffel-300x429.jpg 300w, https:\/\/www.ssv-halver.de\/wp-content\/uploads\/2025\/08\/Streckenplan-Staffel-450x643.jpg 450w, https:\/\/www.ssv-halver.de\/wp-content\/uploads\/2025\/08\/Streckenplan-Staffel-600x857.jpg 600w, https:\/\/www.ssv-halver.de\/wp-content\/uploads\/2025\/08\/Streckenplan-Staffel.jpg 609w\" sizes=\"auto, (max-width: 250px) 100vw, 250px\" \/><\/a><figcaption id=\"caption-attachment-1180\" class=\"wp-caption-text\">Herbstlauf 4 x 1-Runde-Staffel 3200 m<\/figcaption><\/figure>\n<p>&nbsp;<\/p>\n<\/div>\n\t\t\t\t\t<\/div>\n\t\t\t\t<\/div>\n\t\t\t\t\t\t\t<div data-accordion class=\"faq-main\">\n\t\t\t\t\t<div data-control class=\"faq-title\">\n\t\t\t\t\t\t<h4>Wo startet der Bambinilauf?<\/h4>\n\t\t\t\t\t<\/div>\n\t\t\t\t\t<div data-content>\n\t\t\t\t\t\t\t\t\t\t\t\t<div class=\"faq-content\"><p>Die Bambinis starten in der Bahnhofstra\u00dfe und laufen ab Kulturbahnhof Richtung Tortenatelier. Der genaue Startpunkt befindet sich dort, wo die Beachflags des SSV Halver aufgestellt sind.<\/p>\n<\/div>\n\t\t\t\t\t<\/div>\n\t\t\t\t<\/div>\n\t\t\t\t\t\t\t<div data-accordion class=\"faq-main\">\n\t\t\t\t\t<div data-control class=\"faq-title\">\n\t\t\t\t\t\t<h4>Wo starten die Sch\u00fcler-, Jugend-, sowie Staffell\u00e4ufe?<\/h4>\n\t\t\t\t\t<\/div>\n\t\t\t\t\t<div data-content>\n\t\t\t\t\t\t\t\t\t\t\t\t<div class=\"faq-content\"><p>Die L\u00e4ufe\u00a0starten in der Bahnhofstra\u00dfe und laufen ab Kulturbahnhof Richtung Tortenatelier. Der genaue Startpunkt befindet sich dort, wo die Beachflags des SSV Halver aufgestellt sind.<\/p>\n<\/div>\n\t\t\t\t\t<\/div>\n\t\t\t\t<\/div>\n\t\t\t\t\t\t\t<div data-accordion class=\"faq-main\">\n\t\t\t\t\t<div data-control class=\"faq-title\">\n\t\t\t\t\t\t<h4>Wer bekommt welche Medaille?<\/h4>\n\t\t\t\t\t<\/div>\n\t\t\t\t\t<div data-content>\n\t\t\t\t\t\t\t\t\t\t\t\t<div class=\"faq-content\"><p>Alle Teilnehmenden bekommen eine Teilnahmemedaille. Platz 1-3 der jeweiligen Altersklasse bekommt bei der Siegerehrung eine weitere Medaille sowie eine Urkunde.<\/p>\n<\/div>\n\t\t\t\t\t<\/div>\n\t\t\t\t<\/div>\n\t\t\t\t\t\t\t<div data-accordion class=\"faq-main\">\n\t\t\t\t\t<div data-control class=\"faq-title\">\n\t\t\t\t\t\t<h4>Wo finde ich Ergebnisse?<\/h4>\n\t\t\t\t\t<\/div>\n\t\t\t\t\t<div data-content>\n\t\t\t\t\t\t\t\t\t\t\t\t<div class=\"faq-content\"><p>Alle Ergebnisse (auch Live) gibt es hier: <a href=\"https:\/\/my.raceresult.com\/348000\/\" target=\"_blank\" rel=\"noopener\">https:\/\/my.raceresult.com\/348000\/<\/a><\/p>\n<\/div>\n\t\t\t\t\t<\/div>\n\t\t\t\t<\/div>\n\t\t\t\t\t\t\t<div data-accordion class=\"faq-main\">\n\t\t\t\t\t<div data-control class=\"faq-title\">\n\t\t\t\t\t\t<h4>Wann findet die Siegerehrung statt?<\/h4>\n\t\t\t\t\t<\/div>\n\t\t\t\t\t<div data-content>\n\t\t\t\t\t\t\t\t\t\t\t\t<div class=\"faq-content\"><p>Siegerehrung Sch\u00fclerl\u00e4ufe (800 m) ab ca. 16:15 Uhr<\/p>\n<p>Siegerehrung Jugendlauf ab ca. 16:45 Uhr<\/p>\n<p>Siegerehrung Staffel ca. 17:30 Uhr<\/p>\n<p>&nbsp;<\/p>\n<\/div>\n\t\t\t\t\t<\/div>\n\t\t\t\t<\/div>\n\t\t\t\t\t\t\t<div data-accordion class=\"faq-main\">\n\t\t\t\t\t<div data-control class=\"faq-title\">\n\t\t\t\t\t\t<h4>Wo sollen die Startnummern und Sicherheitsnadeln zur\u00fcckgegeben werden<\/h4>\n\t\t\t\t\t<\/div>\n\t\t\t\t\t<div data-content>\n\t\t\t\t\t\t\t\t\t\t\t\t<div class=\"faq-content\"><p>Startnummern und Sicherheitsnadeln sollen im Startb\u00fcro zur\u00fcckgegeben werden.<\/p>\n<\/div>\n\t\t\t\t\t<\/div>\n\t\t\t\t<\/div>\n\t\t\t\t\t\t\t<div data-accordion class=\"faq-main\">\n\t\t\t\t\t<div data-control class=\"faq-title\">\n\t\t\t\t\t\t<h4>Wie kann ich meine Urkunde ausdrucken?<\/h4>\n\t\t\t\t\t<\/div>\n\t\t\t\t\t<div data-content>\n\t\t\t\t\t\t\t\t\t\t\t\t<div class=\"faq-content\"><p>Die Urkunde kann unter folgendem Link ausgedruckt werden: <a href=\"https:\/\/my.raceresult.com\/348000\/\" target=\"_blank\" rel=\"noopener\">https:\/\/my.raceresult.com\/348000\/<\/a><\/p>\n<\/div>\n\t\t\t\t\t<\/div>\n\t\t\t\t<\/div>\n\t\t\t\t\t<\/div>\n\t\n","protected":false},"excerpt":{"rendered":"","protected":false},"author":1,"featured_media":0,"parent":0,"menu_order":190,"comment_status":"closed","ping_status":"closed","template":"","meta":{"footnotes":""},"class_list":["post-1055","page","type-page","status-publish","hentry"],"_links":{"self":[{"href":"https:\/\/www.ssv-halver.de\/index.php?rest_route=\/wp\/v2\/pages\/1055","targetHints":{"allow":["GET"]}}],"collection":[{"href":"https:\/\/www.ssv-halver.de\/index.php?rest_route=\/wp\/v2\/pages"}],"about":[{"href":"https:\/\/www.ssv-halver.de\/index.php?rest_route=\/wp\/v2\/types\/page"}],"author":[{"embeddable":true,"href":"https:\/\/www.ssv-halver.de\/index.php?rest_route=\/wp\/v2\/users\/1"}],"replies":[{"embeddable":true,"href":"https:\/\/www.ssv-halver.de\/index.php?rest_route=%2Fwp%2Fv2%2Fcomments&post=1055"}],"version-history":[{"count":3,"href":"https:\/\/www.ssv-halver.de\/index.php?rest_route=\/wp\/v2\/pages\/1055\/revisions"}],"predecessor-version":[{"id":1093,"href":"https:\/\/www.ssv-halver.de\/index.php?rest_route=\/wp\/v2\/pages\/1055\/revisions\/1093"}],"wp:attachment":[{"href":"https:\/\/www.ssv-halver.de\/index.php?rest_route=%2Fwp%2Fv2%2Fmedia&parent=1055"}],"curies":[{"name":"wp","href":"https:\/\/api.w.org\/{rel}","templated":true}]}}