{"id":35,"date":"2012-04-11T10:56:26","date_gmt":"2012-04-11T10:56:26","guid":{"rendered":"http:\/\/ssvhalver.wordpress.com\/?page_id=35"},"modified":"2015-10-23T09:26:41","modified_gmt":"2015-10-23T09:26:41","slug":"breitensportbeauftragte","status":"publish","type":"page","link":"https:\/\/www.ssv-halver.de\/?page_id=35","title":{"rendered":"Breitensportbeauftragte"},"content":{"rendered":"<p><span style=\"font-family: Arial, Helvetica, Univers, Zurich BT, sans-serif;\">Seit dem 01.06.2006 besch\u00e4ftigt der Stadtsportverband Halver eine Breitensportbeauftragte.<\/span><\/p>\n<p><strong>Claudia Wrede<\/strong><\/p>\n<ul>\n<li><span style=\"font-family: Arial, Helvetica, Univers, Zurich BT, sans-serif;\">unterst\u00fctzt die Sportvereine bei ihrer \u00d6ffentlichkeitsarbeit<\/span><\/li>\n<li><span style=\"font-family: Arial, Helvetica, Univers, Zurich BT, sans-serif;\">f\u00f6rdert den Kontakt zwischen Sportvereinen, Schulen und Jugendzentren etc.<\/span><\/li>\n<li><span style=\"font-family: Arial, Helvetica, Univers, Zurich BT, sans-serif;\">informiert \u00fcber Kampagnen und F\u00f6rdert\u00f6pfe des Landessportbundes<\/span><\/li>\n<li><span style=\"font-family: Arial, Helvetica, Univers, Zurich BT, sans-serif;\">informiert Neuhalveraner und Sportinteressierte \u00fcber unser Sportangebot in Halver<\/span><\/li>\n<li><span style=\"font-family: Arial, Helvetica, Univers, Zurich BT, sans-serif;\">hilft und unterst\u00fctzt bei Projekten und Veranstaltungen der Sportvereine und des Stadtsportverbandes<\/span><\/li>\n<li><span style=\"font-family: Arial, Helvetica, Univers, Zurich BT, sans-serif;\">organisiert Schulungen und Klausurtagungen f\u00fcr \u00dcbungsleiter und Vereinsvorst\u00e4nde<\/span><\/li>\n<li><span style=\"font-family: Arial, Helvetica, Univers, Zurich BT, sans-serif;\">ist Ihre erste Ansprechpartnerin rund um den Sport in Halver<\/span><\/li>\n<\/ul>\n<p>Fordern Sie sie!!<\/p>\n<p>Claudia Wrede<br \/>\nForellenweg 3<br \/>\n58553 Halver<br \/>\nTel.: 02353 \/ 663017<br \/>\n<a href=\"mailto:c-wrede@ssv-halver.de\">Email senden<\/a><\/p>\n","protected":false},"excerpt":{"rendered":"<p>Seit dem 01.06.2006 besch\u00e4ftigt der Stadtsportverband Halver eine Breitensportbeauftragte. Claudia Wrede unterst\u00fctzt die Sportvereine bei ihrer \u00d6ffentlichkeitsarbeit f\u00f6rdert den Kontakt zwischen Sportvereinen, Schulen und Jugendzentren etc. informiert \u00fcber Kampagnen und F\u00f6rdert\u00f6pfe des Landessportbundes informiert Neuhalveraner und Sportinteressierte \u00fcber unser Sportangebot &hellip;<\/p>\n<p class=\"read-more\"> <a class=\"more-link\" href=\"https:\/\/www.ssv-halver.de\/?page_id=35\"> <span class=\"screen-reader-text\">Breitensportbeauftragte<\/span> Weiterlesen &raquo;<\/a><\/p>\n","protected":false},"author":2,"featured_media":0,"parent":21,"menu_order":1,"comment_status":"closed","ping_status":"closed","template":"","meta":{"footnotes":""},"class_list":["post-35","page","type-page","status-publish","hentry"],"_links":{"self":[{"href":"https:\/\/www.ssv-halver.de\/index.php?rest_route=\/wp\/v2\/pages\/35","targetHints":{"allow":["GET"]}}],"collection":[{"href":"https:\/\/www.ssv-halver.de\/index.php?rest_route=\/wp\/v2\/pages"}],"about":[{"href":"https:\/\/www.ssv-halver.de\/index.php?rest_route=\/wp\/v2\/types\/page"}],"author":[{"embeddable":true,"href":"https:\/\/www.ssv-halver.de\/index.php?rest_route=\/wp\/v2\/users\/2"}],"replies":[{"embeddable":true,"href":"https:\/\/www.ssv-halver.de\/index.php?rest_route=%2Fwp%2Fv2%2Fcomments&post=35"}],"version-history":[{"count":3,"href":"https:\/\/www.ssv-halver.de\/index.php?rest_route=\/wp\/v2\/pages\/35\/revisions"}],"predecessor-version":[{"id":398,"href":"https:\/\/www.ssv-halver.de\/index.php?rest_route=\/wp\/v2\/pages\/35\/revisions\/398"}],"up":[{"embeddable":true,"href":"https:\/\/www.ssv-halver.de\/index.php?rest_route=\/wp\/v2\/pages\/21"}],"wp:attachment":[{"href":"https:\/\/www.ssv-halver.de\/index.php?rest_route=%2Fwp%2Fv2%2Fmedia&parent=35"}],"curies":[{"name":"wp","href":"https:\/\/api.w.org\/{rel}","templated":true}]}}