{"id":6,"date":"2014-09-10T13:47:05","date_gmt":"2014-09-10T13:47:05","guid":{"rendered":"http:\/\/ssvhalver.wordpress.com\/?page_id=2"},"modified":"2026-01-16T17:02:39","modified_gmt":"2026-01-16T16:02:39","slug":"about","status":"publish","type":"page","link":"https:\/\/www.ssv-halver.de\/?page_id=6","title":{"rendered":"Willkommen"},"content":{"rendered":"<p align=\"LEFT\"><span style=\"font-family: Arial, Helvetica, Univers, Zurich BT, sans-serif;\">Liebe Freunde des Sports in <span data-cmp_parsed_location_name=\"Halver\" data-cmp_parsed_location_weather=\"K05962012\" data-cmp_parsed_location_other=\"0\" data-ce-class=\"Locations\">Halver<\/span>,<\/span><\/p>\n<p align=\"LEFT\"><span style=\"font-family: Arial, Helvetica, Univers, Zurich BT, sans-serif;\">herzlich willkommen auf den Seiten des Stadtsportverbandes Halver e.V., Ihrer Interessenvertretung f\u00fcr den Sport in <\/span><a href=\"http:\/\/www.halver.de\" target=\"_blank\" rel=\"noopener\"><span style=\"font-family: Verdana, Tahoma, Arial, Helvetica, sans-serif;\">Halver<\/span><\/a><span style=\"font-family: Arial, Helvetica, Univers, Zurich BT, sans-serif;\">.\u00a0 <\/span><\/p>\n<p>\u00a0Wir freuen uns \u00fcber Ihren virtuellen Besuch, schauen Sie sich gerne um. F\u00fcr Fragen und Anregungen stehen wir Ihnen gerne zur Verf\u00fcgung.<\/p>\n<p><a href=\"http:\/\/ssv-halver.de\/wp-content\/uploads\/2014\/09\/LOGO-SSV-1.jpg\"><img loading=\"lazy\" decoding=\"async\" class=\"wp-image-538 alignnone\" src=\"http:\/\/ssv-halver.de\/wp-content\/uploads\/2014\/09\/LOGO-SSV-1-300x190.jpg\" alt=\"\" width=\"110\" height=\"70\" srcset=\"https:\/\/www.ssv-halver.de\/wp-content\/uploads\/2014\/09\/LOGO-SSV-1-300x190.jpg 300w, https:\/\/www.ssv-halver.de\/wp-content\/uploads\/2014\/09\/LOGO-SSV-1-768x487.jpg 768w, https:\/\/www.ssv-halver.de\/wp-content\/uploads\/2014\/09\/LOGO-SSV-1-1024x649.jpg 1024w, https:\/\/www.ssv-halver.de\/wp-content\/uploads\/2014\/09\/LOGO-SSV-1-100x63.jpg 100w, https:\/\/www.ssv-halver.de\/wp-content\/uploads\/2014\/09\/LOGO-SSV-1-150x95.jpg 150w, https:\/\/www.ssv-halver.de\/wp-content\/uploads\/2014\/09\/LOGO-SSV-1-200x127.jpg 200w, https:\/\/www.ssv-halver.de\/wp-content\/uploads\/2014\/09\/LOGO-SSV-1-450x285.jpg 450w, https:\/\/www.ssv-halver.de\/wp-content\/uploads\/2014\/09\/LOGO-SSV-1-600x380.jpg 600w, https:\/\/www.ssv-halver.de\/wp-content\/uploads\/2014\/09\/LOGO-SSV-1-900x571.jpg 900w, https:\/\/www.ssv-halver.de\/wp-content\/uploads\/2014\/09\/LOGO-SSV-1.jpg 1216w\" sizes=\"auto, (max-width: 110px) 100vw, 110px\" \/><\/a><\/p>\n<p><a href=\"https:\/\/www.ssv-halver.de\/wp-content\/uploads\/2025\/04\/Logo-an-Volme-und-Ruhr_negativ-auf-dunkelm-Hintergrund_RGB.png\"><img loading=\"lazy\" decoding=\"async\" class=\"alignnone wp-image-1122\" src=\"https:\/\/www.ssv-halver.de\/wp-content\/uploads\/2025\/04\/Logo-an-Volme-und-Ruhr_negativ-auf-dunkelm-Hintergrund_RGB-300x109.png\" alt=\"\" width=\"190\" height=\"69\" srcset=\"https:\/\/www.ssv-halver.de\/wp-content\/uploads\/2025\/04\/Logo-an-Volme-und-Ruhr_negativ-auf-dunkelm-Hintergrund_RGB-300x109.png 300w, https:\/\/www.ssv-halver.de\/wp-content\/uploads\/2025\/04\/Logo-an-Volme-und-Ruhr_negativ-auf-dunkelm-Hintergrund_RGB-1024x372.png 1024w, https:\/\/www.ssv-halver.de\/wp-content\/uploads\/2025\/04\/Logo-an-Volme-und-Ruhr_negativ-auf-dunkelm-Hintergrund_RGB-768x279.png 768w, https:\/\/www.ssv-halver.de\/wp-content\/uploads\/2025\/04\/Logo-an-Volme-und-Ruhr_negativ-auf-dunkelm-Hintergrund_RGB-1536x558.png 1536w, https:\/\/www.ssv-halver.de\/wp-content\/uploads\/2025\/04\/Logo-an-Volme-und-Ruhr_negativ-auf-dunkelm-Hintergrund_RGB-2048x744.png 2048w, https:\/\/www.ssv-halver.de\/wp-content\/uploads\/2025\/04\/Logo-an-Volme-und-Ruhr_negativ-auf-dunkelm-Hintergrund_RGB-100x36.png 100w, https:\/\/www.ssv-halver.de\/wp-content\/uploads\/2025\/04\/Logo-an-Volme-und-Ruhr_negativ-auf-dunkelm-Hintergrund_RGB-150x54.png 150w, https:\/\/www.ssv-halver.de\/wp-content\/uploads\/2025\/04\/Logo-an-Volme-und-Ruhr_negativ-auf-dunkelm-Hintergrund_RGB-200x73.png 200w, https:\/\/www.ssv-halver.de\/wp-content\/uploads\/2025\/04\/Logo-an-Volme-und-Ruhr_negativ-auf-dunkelm-Hintergrund_RGB-450x163.png 450w, https:\/\/www.ssv-halver.de\/wp-content\/uploads\/2025\/04\/Logo-an-Volme-und-Ruhr_negativ-auf-dunkelm-Hintergrund_RGB-600x218.png 600w, https:\/\/www.ssv-halver.de\/wp-content\/uploads\/2025\/04\/Logo-an-Volme-und-Ruhr_negativ-auf-dunkelm-Hintergrund_RGB-900x327.png 900w\" sizes=\"auto, (max-width: 190px) 100vw, 190px\" \/><\/a><\/p>\n","protected":false},"excerpt":{"rendered":"<p>Liebe Freunde des Sports in Halver, herzlich willkommen auf den Seiten des Stadtsportverbandes Halver e.V., Ihrer Interessenvertretung f\u00fcr den Sport in Halver.\u00a0 \u00a0Wir freuen uns \u00fcber Ihren virtuellen Besuch, schauen Sie sich gerne um. F\u00fcr Fragen und Anregungen stehen wir &hellip;<\/p>\n<p class=\"read-more\"> <a class=\"more-link\" href=\"https:\/\/www.ssv-halver.de\/?page_id=6\"> <span class=\"screen-reader-text\">Willkommen<\/span> Weiterlesen &raquo;<\/a><\/p>\n","protected":false},"author":2,"featured_media":0,"parent":0,"menu_order":0,"comment_status":"closed","ping_status":"closed","template":"","meta":{"footnotes":""},"class_list":["post-6","page","type-page","status-publish","hentry"],"_links":{"self":[{"href":"https:\/\/www.ssv-halver.de\/index.php?rest_route=\/wp\/v2\/pages\/6","targetHints":{"allow":["GET"]}}],"collection":[{"href":"https:\/\/www.ssv-halver.de\/index.php?rest_route=\/wp\/v2\/pages"}],"about":[{"href":"https:\/\/www.ssv-halver.de\/index.php?rest_route=\/wp\/v2\/types\/page"}],"author":[{"embeddable":true,"href":"https:\/\/www.ssv-halver.de\/index.php?rest_route=\/wp\/v2\/users\/2"}],"replies":[{"embeddable":true,"href":"https:\/\/www.ssv-halver.de\/index.php?rest_route=%2Fwp%2Fv2%2Fcomments&post=6"}],"version-history":[{"count":10,"href":"https:\/\/www.ssv-halver.de\/index.php?rest_route=\/wp\/v2\/pages\/6\/revisions"}],"predecessor-version":[{"id":1229,"href":"https:\/\/www.ssv-halver.de\/index.php?rest_route=\/wp\/v2\/pages\/6\/revisions\/1229"}],"wp:attachment":[{"href":"https:\/\/www.ssv-halver.de\/index.php?rest_route=%2Fwp%2Fv2%2Fmedia&parent=6"}],"curies":[{"name":"wp","href":"https:\/\/api.w.org\/{rel}","templated":true}]}}