{"id":68,"date":"2014-09-16T12:51:43","date_gmt":"2014-09-16T12:51:43","guid":{"rendered":"http:\/\/ssvhalver.wordpress.com\/?page_id=68"},"modified":"2017-06-15T14:49:02","modified_gmt":"2017-06-15T12:49:02","slug":"satzungen-zuschusse","status":"publish","type":"page","link":"https:\/\/www.ssv-halver.de\/?page_id=68","title":{"rendered":"Satzung &#038; Zusch\u00fcsse"},"content":{"rendered":"<p><span style=\"font-family: Arial, Helvetica, Univers, Zurich BT, sans-serif;\">Wof\u00fcr ist der Stadtsportverband zust\u00e4ndig? Welche Zusch\u00fcsse kann mein Verein beantragen? Und wie sind die Voraussetzungen? <\/span><\/p>\n<p><span style=\"font-family: Arial, Helvetica, Univers, Zurich BT, sans-serif;\">Um mal etwas Aufschluss zu bringen, haben wir hier die <a href=\"http:\/\/www.halver.de\/2014\/rathaus_politik\/_ortsrecht\/117250100000015213.php#S\" target=\"_blank\" rel=\"noopener noreferrer\">Sportf\u00f6rderrichtlinien der Stadt Halver <\/a>, die <a href=\"http:\/\/ssv-halver.de\/wp-content\/uploads\/2017\/06\/SSV-Halver-F\u00f6rderrichtlinie.pdf\" target=\"_blank\" rel=\"noopener noreferrer\">F\u00f6rderrichtlinie des SSV Halver e.V.<\/a> und die <a href=\"http:\/\/ssv-halver.de\/wp-content\/uploads\/2016\/09\/Satzung-SSV-Halver-2016.pdf\" target=\"_blank\" rel=\"noopener noreferrer\">Satzung des SSV Halver e.V. <\/a>zum Download bereitgestellt.<\/span><\/p>\n<p><span style=\"font-family: Arial, Helvetica, Univers, Zurich BT, sans-serif;\">Haben Sie noch Fragen? Sprechen Sie uns einfach an. Kontaktm\u00f6glichkeiten finden sie unter \u201c<\/span><a title=\"Vorstand\" href=\"http:\/\/www.ssv-halver.de\/?page_id=196\"><span style=\"font-family: Verdana, Tahoma, Arial, Helvetica, sans-serif;\">Wir sind f\u00fcr Sie da<\/span><\/a><span style=\"font-family: Arial, Helvetica, Univers, Zurich BT, sans-serif;\">\u201d oder schicken Sie uns eine E-mail an: <\/span><a href=\"mailto:ssv-halver@web.de\"><span style=\"font-family: Verdana, Tahoma, Arial, Helvetica, sans-serif;\">ssv-halver@web.de.<\/span><\/a><\/p>\n","protected":false},"excerpt":{"rendered":"<p>Wof\u00fcr ist der Stadtsportverband zust\u00e4ndig? Welche Zusch\u00fcsse kann mein Verein beantragen? Und wie sind die Voraussetzungen? Um mal etwas Aufschluss zu bringen, haben wir hier die Sportf\u00f6rderrichtlinien der Stadt Halver , die F\u00f6rderrichtlinie des SSV Halver e.V. und die Satzung &hellip;<\/p>\n<p class=\"read-more\"> <a class=\"more-link\" href=\"https:\/\/www.ssv-halver.de\/?page_id=68\"> <span class=\"screen-reader-text\">Satzung &#038; Zusch\u00fcsse<\/span> Weiterlesen &raquo;<\/a><\/p>\n","protected":false},"author":2,"featured_media":0,"parent":21,"menu_order":30,"comment_status":"closed","ping_status":"closed","template":"","meta":{"footnotes":""},"class_list":["post-68","page","type-page","status-publish","hentry"],"_links":{"self":[{"href":"https:\/\/www.ssv-halver.de\/index.php?rest_route=\/wp\/v2\/pages\/68","targetHints":{"allow":["GET"]}}],"collection":[{"href":"https:\/\/www.ssv-halver.de\/index.php?rest_route=\/wp\/v2\/pages"}],"about":[{"href":"https:\/\/www.ssv-halver.de\/index.php?rest_route=\/wp\/v2\/types\/page"}],"author":[{"embeddable":true,"href":"https:\/\/www.ssv-halver.de\/index.php?rest_route=\/wp\/v2\/users\/2"}],"replies":[{"embeddable":true,"href":"https:\/\/www.ssv-halver.de\/index.php?rest_route=%2Fwp%2Fv2%2Fcomments&post=68"}],"version-history":[{"count":11,"href":"https:\/\/www.ssv-halver.de\/index.php?rest_route=\/wp\/v2\/pages\/68\/revisions"}],"predecessor-version":[{"id":522,"href":"https:\/\/www.ssv-halver.de\/index.php?rest_route=\/wp\/v2\/pages\/68\/revisions\/522"}],"up":[{"embeddable":true,"href":"https:\/\/www.ssv-halver.de\/index.php?rest_route=\/wp\/v2\/pages\/21"}],"wp:attachment":[{"href":"https:\/\/www.ssv-halver.de\/index.php?rest_route=%2Fwp%2Fv2%2Fmedia&parent=68"}],"curies":[{"name":"wp","href":"https:\/\/api.w.org\/{rel}","templated":true}]}}